{"id":873,"date":"2025-08-08T13:48:21","date_gmt":"2025-08-08T11:48:21","guid":{"rendered":"https:\/\/www.haus-friesenliebe.de\/?page_id=873"},"modified":"2025-09-13T13:01:13","modified_gmt":"2025-09-13T11:01:13","slug":"datenschutz","status":"publish","type":"page","link":"https:\/\/www.haus-friesenliebe.de\/friesenliebe\/datenschutz\/","title":{"rendered":"Datenschutz"},"content":{"rendered":"\t\t<div data-elementor-type=\"wp-page\" data-elementor-id=\"873\" class=\"elementor elementor-873\" data-elementor-post-type=\"page\">\n\t\t\t\t\t\t<section class=\"elementor-section elementor-top-section elementor-element elementor-element-9a3ab60 elementor-section-boxed elementor-section-height-default elementor-section-height-default\" data-id=\"9a3ab60\" data-element_type=\"section\">\n\t\t\t\t\t\t<div class=\"elementor-container elementor-column-gap-default\">\n\t\t\t\t\t<div class=\"elementor-column elementor-col-100 elementor-top-column elementor-element elementor-element-9356a98\" data-id=\"9356a98\" data-element_type=\"column\">\n\t\t\t<div class=\"elementor-widget-wrap elementor-element-populated\">\n\t\t\t\t\t\t<div class=\"elementor-element elementor-element-8e6db12 elementor-widget elementor-widget-heading\" data-id=\"8e6db12\" data-element_type=\"widget\" data-widget_type=\"heading.default\">\n\t\t\t\t<div class=\"elementor-widget-container\">\n\t\t\t\t\t<h2 class=\"elementor-heading-title elementor-size-default\">DATENSCHUTZ<\/h2>\t\t\t\t<\/div>\n\t\t\t\t<\/div>\n\t\t\t\t\t<\/div>\n\t\t<\/div>\n\t\t\t\t\t<\/div>\n\t\t<\/section>\n\t\t\t\t<section class=\"elementor-section elementor-top-section elementor-element elementor-element-275ead2 elementor-section-boxed elementor-section-height-default elementor-section-height-default\" data-id=\"275ead2\" data-element_type=\"section\">\n\t\t\t\t\t\t<div class=\"elementor-container elementor-column-gap-default\">\n\t\t\t\t\t<div class=\"elementor-column elementor-col-50 elementor-top-column elementor-element elementor-element-621f214\" data-id=\"621f214\" data-element_type=\"column\">\n\t\t\t<div class=\"elementor-widget-wrap elementor-element-populated\">\n\t\t\t\t\t\t<div class=\"elementor-element elementor-element-3249668 elementor-widget elementor-widget-text-editor\" data-id=\"3249668\" data-element_type=\"widget\" data-widget_type=\"text-editor.default\">\n\t\t\t\t<div class=\"elementor-widget-container\">\n\t\t\t\t\t\t\t\t\t<p>Uns als Betreiber dieser Webseite ist der Schutz Ihrer pers\u00f6nlichen Daten sehr wichtig.<\/p><h3><strong>Datenschutz-Information f\u00fcr die Datenverarbeitung durch:<\/strong><\/h3><p>Ferienwohnung Haus Friesenliebe,<\/p><p>Petra Geuer und Peter Pietroschka<br \/>Seezungenweg 11d,<br \/>26736 \u00a0Greetsiel, <br \/>E-Mail: info@haus-friesenliebe.de, \u00a0\u00a0\u00a0\u00a0\u00a0\u00a0\u00a0 <br \/>Tel. +49 174 9822912 \u00a0\u00a0\u00a0\u00a0\u00a0\u00a0<\/p><p>Ansprechpartner f\u00fcr Fragen des Datenschutzes ist Herr Kimon Papachristopoul, errerichbar unter info@ra-hp.de\u00a0\u00a0\u00a0\u00a0\u00a0<\/p><p><strong>Erhebung und Speicherung personenbezogener Daten sowie Art und Zweck von deren Verwendung\u00a0\u00a0\u00a0\u00a0\u00a0<\/strong>\u00a0\u00a0\u00a0\u00a0\u00a0<\/p><p><strong>1) Besuch der Website<\/strong><\/p><p>Durch den Aufruf unserer Website &#8222;<a href=\"https:\/\/www.haus-friesenliebe.de\">Haus Friesenliebe<\/a>&#8220; werden automatisch folgende Informationen an den von uns genutzten Server gesendet, welche tempor\u00e4r in einem sog. Logfile bis zur automatisierten L\u00f6schung gespeichert werden:<\/p><ul><li>IP-Adresse des anfragenden Rechners<\/li><li>Datum und Uhrzeit des Aufrufs,<\/li><li>Name und URL der abgerufenen Datei,<\/li><li>Website, von der aus der Zugriff erfolgt<\/li><li>verwendeter Browser und ggf. das Betriebssystem Ihres Rechners sowie der Name Ihres Access-Providers.<\/li><\/ul><p>Die genannten Daten werden durch uns bzw. unseren Webhost zu folgenden Zwecken verarbeitet:<\/p><ul><li>Sicherstellung des Verbindungsaufbaus unserer Website,<\/li><li>Erm\u00f6glichung einer komfortablen Nutzung unserer Website,<\/li><li>Auswertung der Systemsicherheit und -stabilit\u00e4t sowie<\/li><li>zu sonstigen administrativen Zwecken.<\/li><\/ul><p>Die Rechtsgrundlage f\u00fcr die Datenverarbeitung liegt in Art. 6 Abs. 1 S. 1 Buchst. f DSGVO. Unser berechtigtes Interesse folgt aus den genannten Zwecken. Wir werden die erhobenen Daten nicht zu dem Zweck verwenden, R\u00fcckschl\u00fcsse auf Ihre Person zu ziehen.<\/p><p>Dar\u00fcber hinaus setzen wir beim Besuch unserer Website Cookies sowie Analysedienste ein. N\u00e4here Erl\u00e4uterungen dazu erhalten Sie unter den Ziff. 4 und 5 dieser Datenschutzerkl\u00e4rung.<\/p><p><strong>2) Nutzung unseres Kontaktformulars<\/strong><\/p><p>Sie haben die M\u00f6glichkeit, mit uns \u00fcber das auf der Website bereitgestellte Formular Kontakt aufzunehmen.<\/p><p>Die durch die Kontaktaufnahme mit uns eingeleitete Datenverarbeitung erfolgt auf Grundlage Ihrer durch die Nutzung des Kontaktformulars erteilten Einwilligung (Art. 6 Abs. 1 S. 1 Buchst. a DSGVO).<\/p><p>Die f\u00fcr die Benutzung des Kontaktformulars von uns erhobenen personenbezogenen Daten (Ansprechpartner (Name und Vorname), E-Mail-Adresse, Stra\u00dfe und Hausnummer, PLZ, Ort , Telefon werden nach Erledigung der von Ihnen gestellten Anfrage automatisch gel\u00f6scht. Sollte es zu einer Buchung unserer Ferienwohnung kommen, werden wir die Daten verarbeiten, da wir diese f\u00fcr die vertragsgem\u00e4\u00dfe Erf\u00fcllung ben\u00f6tigen. Die Rechtsgrundlage hierzu bietet Art. 6 Abs. 1 Satz 1 Buchstabe b DSGVO.<\/p><p><strong>3) Weitergabe von Daten<\/strong><\/p><p>Eine \u00dcbermittlung Ihrer pers\u00f6nlichen Daten an Dritte zu anderen als nachstehenden Zwecken erfolgt nicht.<\/p><p>Wir geben Ihre pers\u00f6nlichen Daten nur an Dritte weiter, wenn:<\/p><ul><li>Sie hierzu nach Art. 6 Abs. 1 S. 1 Buchst. a DSGVO eine ausdr\u00fcckliche Einwilligung erteilt haben,<\/li><li>die Weitergabe nach Art. 6 Abs. 1 S. 1 Buchst. f DSGVO zur Geltendmachung, Aus\u00fcbung oder Verteidigung von Rechtsanspr\u00fcchen erforderlich ist und kein Grund zur Annahme besteht, dass Sie ein \u00fcberwiegendes schutzw\u00fcrdiges Interesse an der Nichtweitergabe Ihrer Daten haben,<\/li><li>f\u00fcr den Fall, dass f\u00fcr die Weitergabe nach Art. 6 Abs. 1 S. 1 Buchst. c DSGVO eine gesetzliche oder sonstige Verpflichtung besteht.<\/li><li>dies gesetzlich zul\u00e4ssig und nach Art. 6 Abs. 1 S. 1 Buchst. b DSGVO f\u00fcr die Abwicklung von Vertragsverh\u00e4ltnissen mit Ihnen erforderlich ist.<\/li><\/ul><ul><li><p><strong>4) Cookies<\/strong><\/p><\/li><\/ul><ul><li><p>Unsere Seite verwendet Cookies. Hierbei handelt es sich um kleine automatisch erstellte Dateien die auf Ihrem Endger\u00e4t gespeichert werden, wenn Sie unsere Seite besuchen. Cookies enthalten keine Schadsoftware und richten auf Ihrem Endger\u00e4t keinen Schaden an.<\/p><p>Wir verwenden Session Cookies, welche nach dem Verlassen unserer Webseite automatisch gel\u00f6scht werden und tempor\u00e4re Cookies, welche nach einer bestimmten Zeit von Ihrem Ger\u00e4t gel\u00f6scht werden.<\/p><p>Der Einsatz von Cookies dient einerseits dazu, die Nutzung unseres Angebots f\u00fcr Sie zu optimieren, indem wir erkennen k\u00f6nnen, welche Seiten unseres Angebotes Sie besucht haben..<\/p><p>Zum anderen setzten wir Cookies ein, um die Nutzung unserer Website statistisch zu erfassen.<\/p><p>Die durch Cookies verarbeiteten Daten sind f\u00fcr die genannten Zwecke zur Wahrung unserer berechtigten Interessen sowie der Dritten nach Art. 6 Abs. 1 S. 1 Buchst. f DSGVO erforderlich.<\/p><p>Browser akzeptieren Cookies in der Regel automatisch. Sie k\u00f6nnen Ihren Browser jedoch so konfigurieren, dass er keine Cookies akzeptiert. Die vollst\u00e4ndige Deaktivierung von Cookies kann jedoch dazu f\u00fchren, dass Sie nicht alle Funktionen unserer Website nutzen k\u00f6nnen.<\/p><p><strong>5) Social Media Plug-ins<\/strong><\/p><p>Wir setzen auf unserer Website auf Grundlage des Art. 6 Abs. 1 S. 1 Buchst. f DSGVO Social Plug-ins der sozialen Netzwerke Facebook, Twitter und Instagram ein. Unser berechtigtes Interesse im Sinne der DSGVO liegt in dem werblichen Zweck, unsere Webseite bekannter zu machen. Die Verantwortung f\u00fcr den datenschutzkonformen Betrieb liegt bei dem jeweiligen Anbieter des Plug-Ins.<\/p><p><strong>6) <\/strong><\/p><\/li><\/ul><p><strong>\u00a0 Betroffenenrechte<\/strong><\/p><p>Sie haben das Recht,<\/p><ul><li style=\"list-style-type: none;\"><ul><li>gem\u00e4\u00df Art. 15 DSGVO Auskunft \u00fcber Ihre von uns erhobenen oder verarbeiteten personenbezogenen Daten zu verlangen. Entsprechend ihrem Verlangen muss sich die Auskunft auf den Verarbeitungszweck, die Kategorie der personenbezogenen Daten, die Kategorien von Empf\u00e4ngern, gegen\u00fcber welchen Ihre Daten offengelegt wurden oder werden, die geplante Speicherdauer, das Bestehen eines Rechts auf Berichtigung, L\u00f6schung, Einschr\u00e4nkung der Verarbeitung oder Widerspruch, das Bestehen eines Beschwerderechts, die Herkunft ihrer Daten, sofern diese nicht bei uns erhoben wurden, sowie \u00fcber das Bestehen einer automatisierten Entscheidungsfindung einschlie\u00dflich Profiling und ggf. aussagekr\u00e4ftigen Informationen zu deren Einzelheiten beziehen;<\/li><\/ul><\/li><\/ul>\t\t\t\t\t\t\t\t<\/div>\n\t\t\t\t<\/div>\n\t\t\t\t\t<\/div>\n\t\t<\/div>\n\t\t\t\t<div class=\"elementor-column elementor-col-50 elementor-top-column elementor-element elementor-element-84953e3\" data-id=\"84953e3\" data-element_type=\"column\">\n\t\t\t<div class=\"elementor-widget-wrap elementor-element-populated\">\n\t\t\t\t\t\t<div class=\"elementor-element elementor-element-ebe3133 elementor-widget elementor-widget-text-editor\" data-id=\"ebe3133\" data-element_type=\"widget\" data-widget_type=\"text-editor.default\">\n\t\t\t\t<div class=\"elementor-widget-container\">\n\t\t\t\t\t\t\t\t\t<div class=\"elementor-widget-wrap elementor-element-populated\"><div class=\"elementor-element elementor-element-3e8b1f1 elementor-widget elementor-widget-text-editor\" data-id=\"3e8b1f1\" data-element_type=\"widget\" data-widget_type=\"text-editor.default\"><div class=\"elementor-widget-container\"><p>\u00a0<\/p><ul><li>gem\u00e4\u00df Art. 16 DSGVO unverz\u00fcglich die Berichtigung unrichtiger oder Vervollst\u00e4ndigung Ihrer bei uns gespeicherten personenbezogenen Daten zu verlangen;<\/li><li>gem\u00e4\u00df Art. 17 DSGVO die L\u00f6schung Ihrer bei uns gespeicherten personenbezogenen Daten zu verlangen, soweit nicht die Verarbeitung zur Aus\u00fcbung des Rechts auf freie Meinungs\u00e4u\u00dferung und Information, zur Erf\u00fcllung einer rechtlichen Verpflichtung, aus Gr\u00fcnden des \u00f6ffentlichen Interesses oder zur Geltendmachung, Aus\u00fcbung oder Verteidigung von Rechtsanspr\u00fcchen erforderlich ist;<\/li><li>gem\u00e4\u00df Art. 18 DSGVO die Einschr\u00e4nkung der Verarbeitung Ihrer personenbezogenen Daten zu verlangen, soweit die Richtigkeit der Daten von Ihnen bestritten wird, die Verarbeitung unrechtm\u00e4\u00dfig ist, Sie aber deren L\u00f6schung ablehnen und wir die Daten nicht mehr ben\u00f6tigen, Sie jedoch diese zur Geltendmachung, Aus\u00fcbung oder Verteidigung von Rechtsanspr\u00fcchen ben\u00f6tigen oder Sie gem\u00e4\u00df Art. 21 DSGVO Widerspruch gegen die Verarbeitung eingelegt haben;<\/li><li>gem\u00e4\u00df Art. 20 DSGVO Ihre personenbezogenen Daten, die Sie uns bereitgestellt haben, in einem strukturierten, g\u00e4ngigen und maschinenlesebaren Format zu erhalten oder die \u00dcbermittlung an einen anderen Verantwortlichen zu verlangen;<\/li><li>gem\u00e4\u00df Art. 7 Abs. 3 DSGVO Ihre einmal erteilte Einwilligung jederzeit gegen\u00fcber uns zu widerrufen. Dies hat zur Folge, dass wir die Datenverarbeitung, die auf dieser Einwilligung beruhte, f\u00fcr die Zukunft nicht mehr fortf\u00fchren d\u00fcrfen und<\/li><li>gem\u00e4\u00df Art. 77 DSGVO sich bei einer Aufsichtsbeh\u00f6rde zu beschweren. In der Regel k\u00f6nnen Sie sich hierf\u00fcr an die Aufsichtsbeh\u00f6rde Ihres \u00fcblichen Aufenthaltsortes oder Arbeitsplatzes oder unseres Betriebssitzes wenden.<\/li><\/ul><p><strong>Datenschutzerkl\u00e4rung f\u00fcr die Nutzung der Plugins \u201eBelegungsanfrage\/Kontaktanfrage\/Online-Buchung\u201c<\/strong><\/p><ul><li>Unsere Webseite nutzt das Plugin \u201eBelegungsplan\/Kontaktanfrage\/Online-Buchung\/Preisrechner\u201c von belegungskalender.com.<\/li><li>Betreiber der Seite ist Berthold Merz IT Services, Hirzerweg 62, 12107 Berlin. Wenn Sie das Plugin \u201eBelegungsplan\/Kontaktanfrage\/Online-Buchung\/Preisrechner\u201c mit einer Belegungsanfrage nutzen, wird eine Verbindung zu dem Server von belegungskalender.com hergestellt und Ihre angegebenen Daten zwecks Bearbeitung der Anfrage und f\u00fcr den Fall von Anschlussfragen auf diesem Server gespeichert.<\/li><li>Auftragsdatenverarbeitung <br \/>Wir haben mit Berthold Merz IT Services einen Vertrag zur Auftragsdatenverarbeitung abgeschlossen und setzen die strengen Vorgaben der deutschen Datenschutzbeh\u00f6rden bei der Nutzung der Plugins vollst\u00e4ndig um.<\/li><\/ul><p><strong>7) Widerspruchsrecht<\/strong><\/p><p>Sofern Ihre personenbezogenen Daten auf Grundlage von berechtigten Interessen gem\u00e4\u00df Art. 6 Abs. 1 S. 1 Buchst. f DSGVO verarbeitet werden, haben Sie gem\u00e4\u00df Art. 21 DSGVO das Recht, Widerspruch gegen die Verarbeitung Ihrer personenbezogenen Daten einzulegen, soweit daf\u00fcr Gr\u00fcnde vorliegen, die sich aus Ihrer besonderen Situation ergeben oder sich der Widerspruch gegen Direktwerbung richtet. Im letzteren Fall haben Sie ein generelles Widerspruchsrecht, das ohne Angabe einer besonderen Situation von uns umgesetzt wird.<\/p><p>M\u00f6chten Sie von Ihrem Widerrufs- oder Widerspruchsrecht Gebrauch machen, gen\u00fcgt eine E-Mail an papa@ra-hp.de<\/p><p><strong>8) Datensicherheit<\/strong><\/p><p>Unsere Webseite verwendet das SSL-Verfahren (Secure Socket Layer) in Verbindung mit der jeweils h\u00f6chsten Verschl\u00fcsselungsstufe, die von Ihrem Browser unterst\u00fctzt wird. Ob die Verschl\u00fcsselung der einzelne Seite unseres Internetauftrittes aktiv ist, erkennen Sie an der Darstellung eines geschlossenen Schloss-Symbols in der Statusleiste Ihres Browsers.<\/p><p>Wir bedienen uns im \u00dcbrigen geeigneter technischer organisatorischer und vertraglicher Sicherheitsma\u00dfnahmen, um Ihre Daten gegen Aussp\u00e4hung, zuf\u00e4llige oder vors\u00e4tzliche Manipulationen, teilweisen oder vollst\u00e4ndigen Verlust, Zerst\u00f6rung oder gegen den unbefugten Zugriff Dritter zu sch\u00fctzen.<\/p><p><strong>9) Aktualit\u00e4t und \u00c4nderung dieser Datenschutzerkl\u00e4rung<\/strong><\/p><p>Diese Datenschutzerkl\u00e4rung hat den Stand Mai 2018. Sie ist g\u00fcltig, solange sie hier ver\u00f6ffentlicht ist.<\/p><\/div><\/div><\/div>\t\t\t\t\t\t\t\t<\/div>\n\t\t\t\t<\/div>\n\t\t\t\t\t<\/div>\n\t\t<\/div>\n\t\t\t\t\t<\/div>\n\t\t<\/section>\n\t\t\t\t<\/div>\n\t\t","protected":false},"excerpt":{"rendered":"<p>DATENSCHUTZ Uns als Betreiber dieser Webseite ist der Schutz Ihrer pers\u00f6nlichen Daten sehr wichtig. Datenschutz-Information f\u00fcr die Datenverarbeitung durch: Ferienwohnung [&hellip;]<\/p>\n","protected":false},"author":1,"featured_media":0,"parent":0,"menu_order":0,"comment_status":"closed","ping_status":"closed","template":"","meta":{"site-sidebar-layout":"no-sidebar","site-content-layout":"","ast-site-content-layout":"full-width-container","site-content-style":"default","site-sidebar-style":"default","ast-global-header-display":"","ast-banner-title-visibility":"","ast-main-header-display":"","ast-hfb-above-header-display":"","ast-hfb-below-header-display":"","ast-hfb-mobile-header-display":"","site-post-title":"disabled","ast-breadcrumbs-content":"","ast-featured-img":"disabled","footer-sml-layout":"","theme-transparent-header-meta":"","adv-header-id-meta":"","stick-header-meta":"","header-above-stick-meta":"","header-main-stick-meta":"","header-below-stick-meta":"","astra-migrate-meta-layouts":"default","ast-page-background-enabled":"default","ast-page-background-meta":{"desktop":{"background-color":"var(--ast-global-color-5)","background-image":"","background-repeat":"repeat","background-position":"center center","background-size":"auto","background-attachment":"scroll","background-type":"","background-media":"","overlay-type":"","overlay-color":"","overlay-opacity":"","overlay-gradient":""},"tablet":{"background-color":"","background-image":"","background-repeat":"repeat","background-position":"center center","background-size":"auto","background-attachment":"scroll","background-type":"","background-media":"","overlay-type":"","overlay-color":"","overlay-opacity":"","overlay-gradient":""},"mobile":{"background-color":"","background-image":"","background-repeat":"repeat","background-position":"center center","background-size":"auto","background-attachment":"scroll","background-type":"","background-media":"","overlay-type":"","overlay-color":"","overlay-opacity":"","overlay-gradient":""}},"ast-content-background-meta":{"desktop":{"background-color":"var(--ast-global-color-4)","background-image":"","background-repeat":"repeat","background-position":"center center","background-size":"auto","background-attachment":"scroll","background-type":"","background-media":"","overlay-type":"","overlay-color":"","overlay-opacity":"","overlay-gradient":""},"tablet":{"background-color":"var(--ast-global-color-4)","background-image":"","background-repeat":"repeat","background-position":"center center","background-size":"auto","background-attachment":"scroll","background-type":"","background-media":"","overlay-type":"","overlay-color":"","overlay-opacity":"","overlay-gradient":""},"mobile":{"background-color":"var(--ast-global-color-4)","background-image":"","background-repeat":"repeat","background-position":"center center","background-size":"auto","background-attachment":"scroll","background-type":"","background-media":"","overlay-type":"","overlay-color":"","overlay-opacity":"","overlay-gradient":""}},"footnotes":""},"class_list":["post-873","page","type-page","status-publish","hentry"],"_links":{"self":[{"href":"https:\/\/www.haus-friesenliebe.de\/friesenliebe\/wp-json\/wp\/v2\/pages\/873","targetHints":{"allow":["GET"]}}],"collection":[{"href":"https:\/\/www.haus-friesenliebe.de\/friesenliebe\/wp-json\/wp\/v2\/pages"}],"about":[{"href":"https:\/\/www.haus-friesenliebe.de\/friesenliebe\/wp-json\/wp\/v2\/types\/page"}],"author":[{"embeddable":true,"href":"https:\/\/www.haus-friesenliebe.de\/friesenliebe\/wp-json\/wp\/v2\/users\/1"}],"replies":[{"embeddable":true,"href":"https:\/\/www.haus-friesenliebe.de\/friesenliebe\/wp-json\/wp\/v2\/comments?post=873"}],"version-history":[{"count":0,"href":"https:\/\/www.haus-friesenliebe.de\/friesenliebe\/wp-json\/wp\/v2\/pages\/873\/revisions"}],"wp:attachment":[{"href":"https:\/\/www.haus-friesenliebe.de\/friesenliebe\/wp-json\/wp\/v2\/media?parent=873"}],"curies":[{"name":"wp","href":"https:\/\/api.w.org\/{rel}","templated":true}]}}