{"id":16,"date":"2025-07-18T14:06:10","date_gmt":"2025-07-18T12:06:10","guid":{"rendered":"https:\/\/www.haus-friesenliebe.de\/?page_id=16"},"modified":"2025-10-21T13:59:54","modified_gmt":"2025-10-21T11:59:54","slug":"lage","status":"publish","type":"page","link":"https:\/\/www.haus-friesenliebe.de\/friesenliebe\/lage\/","title":{"rendered":"LAGE"},"content":{"rendered":"\t\t<div data-elementor-type=\"wp-page\" data-elementor-id=\"16\" class=\"elementor elementor-16\" data-elementor-post-type=\"page\">\n\t\t\t\t\t\t<section class=\"elementor-section elementor-top-section elementor-element elementor-element-eba8101 elementor-section-boxed elementor-section-height-default elementor-section-height-default\" data-id=\"eba8101\" data-element_type=\"section\">\n\t\t\t\t\t\t<div class=\"elementor-container elementor-column-gap-default\">\n\t\t\t\t\t<div class=\"elementor-column elementor-col-100 elementor-top-column elementor-element elementor-element-80be12f\" data-id=\"80be12f\" data-element_type=\"column\">\n\t\t\t<div class=\"elementor-widget-wrap elementor-element-populated\">\n\t\t\t\t\t\t<div class=\"elementor-element elementor-element-412cc1a elementor-widget elementor-widget-heading\" data-id=\"412cc1a\" data-element_type=\"widget\" data-widget_type=\"heading.default\">\n\t\t\t\t<div class=\"elementor-widget-container\">\n\t\t\t\t\t<h2 class=\"elementor-heading-title elementor-size-default\">UMGEBUNG<\/h2>\t\t\t\t<\/div>\n\t\t\t\t<\/div>\n\t\t\t\t\t<\/div>\n\t\t<\/div>\n\t\t\t\t\t<\/div>\n\t\t<\/section>\n\t\t\t\t<section class=\"elementor-section elementor-top-section elementor-element elementor-element-73ec751 elementor-reverse-mobile elementor-section-boxed elementor-section-height-default elementor-section-height-default\" data-id=\"73ec751\" data-element_type=\"section\">\n\t\t\t\t\t\t<div class=\"elementor-container elementor-column-gap-default\">\n\t\t\t\t\t<div class=\"elementor-column elementor-col-50 elementor-top-column elementor-element elementor-element-888eeeb\" data-id=\"888eeeb\" data-element_type=\"column\">\n\t\t\t<div class=\"elementor-widget-wrap elementor-element-populated\">\n\t\t\t\t\t\t<div class=\"elementor-element elementor-element-2dcfbaf elementor--h-position-center elementor--v-position-middle elementor-arrows-position-inside elementor-pagination-position-inside elementor-widget elementor-widget-slides\" data-id=\"2dcfbaf\" data-element_type=\"widget\" data-settings=\"{&quot;navigation&quot;:&quot;both&quot;,&quot;infinite&quot;:&quot;yes&quot;,&quot;transition&quot;:&quot;slide&quot;,&quot;transition_speed&quot;:500}\" data-widget_type=\"slides.default\">\n\t\t\t\t<div class=\"elementor-widget-container\">\n\t\t\t\t\t\t\t\t\t<div class=\"elementor-swiper\">\n\t\t\t\t\t<div class=\"elementor-slides-wrapper elementor-main-swiper swiper\" role=\"region\" aria-roledescription=\"carousel\" aria-label=\"Slides\" dir=\"ltr\" data-animation=\"fadeInUp\">\n\t\t\t\t<div class=\"swiper-wrapper elementor-slides\">\n\t\t\t\t\t\t\t\t\t\t<div class=\"elementor-repeater-item-ac824ac swiper-slide\" role=\"group\" aria-roledescription=\"slide\"><div class=\"swiper-slide-bg\" role=\"img\"><\/div><div class=\"elementor-background-overlay\"><\/div><div class=\"swiper-slide-inner\" ><div class=\"swiper-slide-contents\"><div class=\"elementor-slide-heading\">DER BUNTE FISCHERHAFEN<\/div><div class=\"elementor-slide-description\">\"Wo rostrote Krabbenkutter duften wie Meer und Salz!\nZuschauen, wie frische Krabben an Land h\u00fcpfen \u2013 und gleich am Kai probieren.\"\n\ud83d\udd39 *Live-Erlebnis: Kutter-R\u00fcckkehr gegen 15 Uhr!*<\/div><\/div><\/div><\/div>\t\t\t\t<\/div>\n\t\t\t\t\t\t\t<\/div>\n\t\t\t\t<\/div>\n\t\t\t\t\t\t\t\t<\/div>\n\t\t\t\t<\/div>\n\t\t\t\t\t<\/div>\n\t\t<\/div>\n\t\t\t\t<div class=\"elementor-column elementor-col-50 elementor-top-column elementor-element elementor-element-3acdf39 elementor-invisible\" data-id=\"3acdf39\" data-element_type=\"column\" data-settings=\"{&quot;animation&quot;:&quot;slideInRight&quot;}\">\n\t\t\t<div class=\"elementor-widget-wrap elementor-element-populated\">\n\t\t\t\t\t\t<div class=\"elementor-element elementor-element-ab5a910 elementor-widget-divider--separator-type-pattern elementor-widget-divider--view-line elementor-widget elementor-widget-divider\" data-id=\"ab5a910\" data-element_type=\"widget\" data-widget_type=\"divider.default\">\n\t\t\t\t<div class=\"elementor-widget-container\">\n\t\t\t\t\t\t\t<div class=\"elementor-divider\" style=\"--divider-pattern-url: url(&quot;data:image\/svg+xml,%3Csvg xmlns=&#039;http:\/\/www.w3.org\/2000\/svg&#039; preserveAspectRatio=&#039;none&#039; overflow=&#039;visible&#039; height=&#039;100%&#039; viewBox=&#039;0 0 20 16&#039; fill=&#039;none&#039; stroke=&#039;black&#039; stroke-width=&#039;2.2&#039; stroke-linecap=&#039;square&#039; stroke-miterlimit=&#039;10&#039;%3E%3Cg transform=&#039;translate(-12.000000, 0)&#039;%3E%3Cpath d=&#039;M28,0L10,18&#039;\/%3E%3Cpath d=&#039;M18,0L0,18&#039;\/%3E%3Cpath d=&#039;M48,0L30,18&#039;\/%3E%3Cpath d=&#039;M38,0L20,18&#039;\/%3E%3C\/g%3E%3C\/svg%3E&quot;);\">\n\t\t\t<span class=\"elementor-divider-separator\">\n\t\t\t\t\t\t<\/span>\n\t\t<\/div>\n\t\t\t\t\t\t<\/div>\n\t\t\t\t<\/div>\n\t\t\t\t<div class=\"elementor-element elementor-element-3c63a41 elementor-widget elementor-widget-heading\" data-id=\"3c63a41\" data-element_type=\"widget\" data-widget_type=\"heading.default\">\n\t\t\t\t<div class=\"elementor-widget-container\">\n\t\t\t\t\t<h2 class=\"elementor-heading-title elementor-size-default\">Entdecken Sie die wundersch\u00f6nen Orte und Pl\u00e4tze von Greetsiel<\/h2>\t\t\t\t<\/div>\n\t\t\t\t<\/div>\n\t\t\t\t<div class=\"elementor-element elementor-element-0f57de4 elementor-widget elementor-widget-text-editor\" data-id=\"0f57de4\" data-element_type=\"widget\" data-widget_type=\"text-editor.default\">\n\t\t\t\t<div class=\"elementor-widget-container\">\n\t\t\t\t\t\t\t\t\t<p><em>\u201cWo rote Backsteine im Abendlicht gl\u00fchen,<br \/>die Doppelm\u00fchlen \u00fcber gr\u00fcnen Deichen wachen<br \/>und das Meer seine Geschichten in den Hafen fl\u00fcstert.&#8220;<\/em><\/p>\t\t\t\t\t\t\t\t<\/div>\n\t\t\t\t<\/div>\n\t\t\t\t\t<\/div>\n\t\t<\/div>\n\t\t\t\t\t<\/div>\n\t\t<\/section>\n\t\t\t\t<section class=\"elementor-section elementor-top-section elementor-element elementor-element-293dcd23 elementor-section-content-middle elementor-section-boxed elementor-section-height-default elementor-section-height-default\" data-id=\"293dcd23\" data-element_type=\"section\">\n\t\t\t\t\t\t<div class=\"elementor-container elementor-column-gap-no\">\n\t\t\t\t\t<div class=\"elementor-column elementor-col-100 elementor-top-column elementor-element elementor-element-5d4f156b\" data-id=\"5d4f156b\" data-element_type=\"column\">\n\t\t\t<div class=\"elementor-widget-wrap elementor-element-populated\">\n\t\t\t\t\t\t<div class=\"elementor-element elementor-element-665d8f15 elementor-widget elementor-widget-heading\" data-id=\"665d8f15\" data-element_type=\"widget\" data-widget_type=\"heading.default\">\n\t\t\t\t<div class=\"elementor-widget-container\">\n\t\t\t\t\t<h4 class=\"elementor-heading-title elementor-size-default\">Das erwartet Sie in der Umgebung unserer Wohnung<\/h4>\t\t\t\t<\/div>\n\t\t\t\t<\/div>\n\t\t\t\t<section class=\"elementor-section elementor-inner-section elementor-element elementor-element-7ee586ec elementor-section-boxed elementor-section-height-default elementor-section-height-default\" data-id=\"7ee586ec\" data-element_type=\"section\">\n\t\t\t\t\t\t<div class=\"elementor-container elementor-column-gap-wider\">\n\t\t\t\t\t<div class=\"elementor-column elementor-col-25 elementor-inner-column elementor-element elementor-element-4fc9e23a\" data-id=\"4fc9e23a\" data-element_type=\"column\">\n\t\t\t<div class=\"elementor-widget-wrap elementor-element-populated\">\n\t\t\t\t\t\t<div class=\"elementor-element elementor-element-37881d46 elementor-widget elementor-widget-heading\" data-id=\"37881d46\" data-element_type=\"widget\" data-widget_type=\"heading.default\">\n\t\t\t\t<div class=\"elementor-widget-container\">\n\t\t\t\t\t<h2 class=\"elementor-heading-title elementor-size-default\">In der N\u00e4he<\/h2>\t\t\t\t<\/div>\n\t\t\t\t<\/div>\n\t\t\t\t<div class=\"elementor-element elementor-element-516d4031 elementor-widget elementor-widget-text-editor\" data-id=\"516d4031\" data-element_type=\"widget\" data-widget_type=\"text-editor.default\">\n\t\t\t\t<div class=\"elementor-widget-container\">\n\t\t\t\t\t\t\t\t\t<div><div class=\"f6e3a11b0d a19a26a18c a81870d302 ac30880487 e95943ce9b\"><ul><li class=\"aa225776f2 ca9d921c46 d1bc97eb82\">Nationalpark Nieders\u00e4chisches Wattenmeer Entrance<\/li><\/ul><div class=\"b99b6ef58f fb14de7f14 a0a56631d6\">800 m<\/div><\/div><\/div><div><div class=\"f6e3a11b0d a19a26a18c a81870d302 ac30880487 e95943ce9b\"><ul><li class=\"aa225776f2 ca9d921c46 d1bc97eb82\">Chalet Park<\/li><\/ul><div class=\"bac76a24a5\"><div class=\"b99b6ef58f fb14de7f14 a0a56631d6\">16 km<\/div><\/div><\/div><\/div><div><div class=\"f6e3a11b0d a19a26a18c a81870d302 ac30880487 e95943ce9b\"><ul><li>KBV Freesensport Osteel<\/li><\/ul><div class=\"b99b6ef58f fb14de7f14 a0a56631d6\">16 km<\/div><\/div><\/div>\t\t\t\t\t\t\t\t<\/div>\n\t\t\t\t<\/div>\n\t\t\t\t\t<\/div>\n\t\t<\/div>\n\t\t\t\t<div class=\"elementor-column elementor-col-25 elementor-inner-column elementor-element elementor-element-8a9a752\" data-id=\"8a9a752\" data-element_type=\"column\">\n\t\t\t<div class=\"elementor-widget-wrap elementor-element-populated\">\n\t\t\t\t\t\t<div class=\"elementor-element elementor-element-4c75a35e elementor-widget elementor-widget-heading\" data-id=\"4c75a35e\" data-element_type=\"widget\" data-widget_type=\"heading.default\">\n\t\t\t\t<div class=\"elementor-widget-container\">\n\t\t\t\t\t<h2 class=\"elementor-heading-title elementor-size-default\">Restaurants &amp; Caf\u00e9s<\/h2>\t\t\t\t<\/div>\n\t\t\t\t<\/div>\n\t\t\t\t<div class=\"elementor-element elementor-element-61163e29 elementor-widget elementor-widget-text-editor\" data-id=\"61163e29\" data-element_type=\"widget\" data-widget_type=\"text-editor.default\">\n\t\t\t\t<div class=\"elementor-widget-container\">\n\t\t\t\t\t\t\t\t\t<ul class=\"e9f7361569 a735063bc6 a0cf1e6d94 b049f18dec\" data-location-block-list=\"true\" data-testid=\"poi-block-list\"><li class=\"b0bf4dc58f b2f588b43c b14a6d9e99 ee817a4ef2\"><div><div class=\"f6e3a11b0d a19a26a18c a81870d302 ac30880487 e95943ce9b\"><div class=\"aa225776f2 ca9d921c46 d1bc97eb82\"><span class=\"ea6d30da3a\">Restaurant<\/span>Apollon<\/div><div class=\"bac76a24a5\"><div class=\"b99b6ef58f fb14de7f14 a0a56631d6\">200 m<\/div><\/div><\/div><\/div><\/li><li class=\"b0bf4dc58f b2f588b43c b14a6d9e99 ee817a4ef2\"><div><div class=\"f6e3a11b0d a19a26a18c a81870d302 ac30880487 e95943ce9b\"><div class=\"aa225776f2 ca9d921c46 d1bc97eb82\"><span class=\"ea6d30da3a\">Restaurant<\/span>Pfeffersack No. 1<\/div><div class=\"bac76a24a5\"><div class=\"b99b6ef58f fb14de7f14 a0a56631d6\">450 m<\/div><\/div><\/div><\/div><\/li><li class=\"b0bf4dc58f b2f588b43c b14a6d9e99 ee817a4ef2\"><div><div class=\"f6e3a11b0d a19a26a18c a81870d302 ac30880487 e95943ce9b\"><div class=\"aa225776f2 ca9d921c46 d1bc97eb82\"><span class=\"ea6d30da3a\">Restaurant<\/span>Antalya Grill<\/div><div class=\"bac76a24a5\"><div class=\"b99b6ef58f fb14de7f14 a0a56631d6\">450 m<\/div><\/div><\/div><\/div><\/li><\/ul>\t\t\t\t\t\t\t\t<\/div>\n\t\t\t\t<\/div>\n\t\t\t\t\t<\/div>\n\t\t<\/div>\n\t\t\t\t<div class=\"elementor-column elementor-col-25 elementor-inner-column elementor-element elementor-element-26a995bd\" data-id=\"26a995bd\" data-element_type=\"column\">\n\t\t\t<div class=\"elementor-widget-wrap elementor-element-populated\">\n\t\t\t\t\t\t<div class=\"elementor-element elementor-element-20ef671d elementor-widget elementor-widget-heading\" data-id=\"20ef671d\" data-element_type=\"widget\" data-widget_type=\"heading.default\">\n\t\t\t\t<div class=\"elementor-widget-container\">\n\t\t\t\t\t<h2 class=\"elementor-heading-title elementor-size-default\">N\u00e4chstgelegene Flugh\u00e4fen<\/h2>\t\t\t\t<\/div>\n\t\t\t\t<\/div>\n\t\t\t\t<div class=\"elementor-element elementor-element-8160e4f elementor-widget elementor-widget-text-editor\" data-id=\"8160e4f\" data-element_type=\"widget\" data-widget_type=\"text-editor.default\">\n\t\t\t\t<div class=\"elementor-widget-container\">\n\t\t\t\t\t\t\t\t\t<ul class=\"e9f7361569 a735063bc6 a0cf1e6d94 b049f18dec\" data-location-block-list=\"true\" data-testid=\"poi-block-list\"><li class=\"b0bf4dc58f b2f588b43c b14a6d9e99 ee817a4ef2\"><div><div class=\"f6e3a11b0d a19a26a18c a81870d302 ac30880487 e95943ce9b\"><div class=\"aa225776f2 ca9d921c46 d1bc97eb82\">Flugplatz Juist<\/div><div class=\"b99b6ef58f fb14de7f14 a0a56631d6\">20 km*<\/div><\/div><\/div><\/li><li class=\"b0bf4dc58f b2f588b43c b14a6d9e99 ee817a4ef2\"><div><div class=\"f6e3a11b0d a19a26a18c a81870d302 ac30880487 e95943ce9b\"><div class=\"aa225776f2 ca9d921c46 d1bc97eb82\">Flughafen Emden<\/div><div class=\"bac76a24a5\"><div class=\"b99b6ef58f fb14de7f14 a0a56631d6\">20 km<\/div><\/div><\/div><\/div><\/li><li class=\"b0bf4dc58f b2f588b43c b14a6d9e99 ee817a4ef2\"><div><div class=\"f6e3a11b0d a19a26a18c a81870d302 ac30880487 e95943ce9b\"><div class=\"aa225776f2 ca9d921c46 d1bc97eb82\">Flughafen Norden-Norddeich<\/div><div class=\"bac76a24a5\"><div class=\"b99b6ef58f fb14de7f14 a0a56631d6\">25 km<\/div><\/div><\/div><\/div><\/li><\/ul>\t\t\t\t\t\t\t\t<\/div>\n\t\t\t\t<\/div>\n\t\t\t\t\t<\/div>\n\t\t<\/div>\n\t\t\t\t<div class=\"elementor-column elementor-col-25 elementor-inner-column elementor-element elementor-element-486edef7\" data-id=\"486edef7\" data-element_type=\"column\">\n\t\t\t<div class=\"elementor-widget-wrap elementor-element-populated\">\n\t\t\t\t\t\t<div class=\"elementor-element elementor-element-467628de elementor-widget elementor-widget-heading\" data-id=\"467628de\" data-element_type=\"widget\" data-widget_type=\"heading.default\">\n\t\t\t\t<div class=\"elementor-widget-container\">\n\t\t\t\t\t<h2 class=\"elementor-heading-title elementor-size-default\">\u00d6ffentlicher Nahverkehr<\/h2>\t\t\t\t<\/div>\n\t\t\t\t<\/div>\n\t\t\t\t<div class=\"elementor-element elementor-element-2dbea225 elementor-widget elementor-widget-text-editor\" data-id=\"2dbea225\" data-element_type=\"widget\" data-widget_type=\"text-editor.default\">\n\t\t\t\t<div class=\"elementor-widget-container\">\n\t\t\t\t\t\t\t\t\t<ul class=\"e9f7361569 a735063bc6 a0cf1e6d94 b049f18dec\" data-location-block-list=\"true\" data-testid=\"poi-block-list\"><li class=\"b0bf4dc58f b2f588b43c b14a6d9e99 ee817a4ef2\"><div class=\"f6e3a11b0d a19a26a18c a81870d302 ac30880487 e95943ce9b\"><div class=\"aa225776f2 ca9d921c46 d1bc97eb82\"><span class=\"ea6d30da3a\">verg\u00fcnstigte Fahrkarten \u00fcber die G\u00e4stekarten<\/span><\/div><\/div><\/li><li class=\"b0bf4dc58f b2f588b43c b14a6d9e99 ee817a4ef2\"><div><div class=\"f6e3a11b0d a19a26a18c a81870d302 ac30880487 e95943ce9b\"><div class=\"aa225776f2 ca9d921c46 d1bc97eb82\">von Norden mit Bus<\/div><div class=\"bac76a24a5\"><div class=\"b99b6ef58f fb14de7f14 a0a56631d6\">ca. 20 km<\/div><div>von Emden mit Bus ca. 21 km<\/div><\/div><\/div><\/div><\/li><\/ul>\t\t\t\t\t\t\t\t<\/div>\n\t\t\t\t<\/div>\n\t\t\t\t\t<\/div>\n\t\t<\/div>\n\t\t\t\t\t<\/div>\n\t\t<\/section>\n\t\t\t\t\t<\/div>\n\t\t<\/div>\n\t\t\t\t\t<\/div>\n\t\t<\/section>\n\t\t\t\t<section class=\"elementor-section elementor-top-section elementor-element elementor-element-114bc4d elementor-section-boxed elementor-section-height-default elementor-section-height-default\" data-id=\"114bc4d\" data-element_type=\"section\">\n\t\t\t\t\t\t<div class=\"elementor-container elementor-column-gap-default\">\n\t\t\t\t\t<div class=\"elementor-column elementor-col-50 elementor-top-column elementor-element elementor-element-a393e7a\" data-id=\"a393e7a\" data-element_type=\"column\">\n\t\t\t<div class=\"elementor-widget-wrap elementor-element-populated\">\n\t\t\t\t\t\t<div class=\"elementor-element elementor-element-2c3169a elementor-widget elementor-widget-google_maps\" data-id=\"2c3169a\" data-element_type=\"widget\" data-widget_type=\"google_maps.default\">\n\t\t\t\t<div class=\"elementor-widget-container\">\n\t\t\t\t\t\t\t<div class=\"elementor-custom-embed\">\n\t\t\t<iframe loading=\"lazy\"\n\t\t\t\t\tsrc=\"https:\/\/maps.google.com\/maps?q=Seezungenweg%2011d%2C%2026736%20Greetsiel%2C%20Deutschland&#038;t=m&#038;z=10&#038;output=embed&#038;iwloc=near\"\n\t\t\t\t\ttitle=\"Seezungenweg 11d, 26736 Greetsiel, Deutschland\"\n\t\t\t\t\taria-label=\"Seezungenweg 11d, 26736 Greetsiel, Deutschland\"\n\t\t\t><\/iframe>\n\t\t<\/div>\n\t\t\t\t\t\t<\/div>\n\t\t\t\t<\/div>\n\t\t\t\t\t<\/div>\n\t\t<\/div>\n\t\t\t\t<div class=\"elementor-column elementor-col-50 elementor-top-column elementor-element elementor-element-6944737\" data-id=\"6944737\" data-element_type=\"column\">\n\t\t\t<div class=\"elementor-widget-wrap elementor-element-populated\">\n\t\t\t\t\t\t<div class=\"elementor-element elementor-element-17c51eb elementor-widget elementor-widget-image\" data-id=\"17c51eb\" data-element_type=\"widget\" data-widget_type=\"image.default\">\n\t\t\t\t<div class=\"elementor-widget-container\">\n\t\t\t\t\t\t\t\t\t\t\t\t\t\t\t<img fetchpriority=\"high\" decoding=\"async\" width=\"1600\" height=\"900\" src=\"https:\/\/www.haus-friesenliebe.de\/wp-content\/uploads\/2025\/08\/PHOTO-2025-03-16-12-11-19.jpg\" class=\"attachment-2048x2048 size-2048x2048 wp-image-1259\" alt=\"\" srcset=\"https:\/\/www.haus-friesenliebe.de\/wp-content\/uploads\/2025\/08\/PHOTO-2025-03-16-12-11-19.jpg 1600w, https:\/\/www.haus-friesenliebe.de\/wp-content\/uploads\/2025\/08\/PHOTO-2025-03-16-12-11-19-300x169.jpg 300w, https:\/\/www.haus-friesenliebe.de\/wp-content\/uploads\/2025\/08\/PHOTO-2025-03-16-12-11-19-1024x576.jpg 1024w, https:\/\/www.haus-friesenliebe.de\/wp-content\/uploads\/2025\/08\/PHOTO-2025-03-16-12-11-19-768x432.jpg 768w, https:\/\/www.haus-friesenliebe.de\/wp-content\/uploads\/2025\/08\/PHOTO-2025-03-16-12-11-19-1536x864.jpg 1536w\" sizes=\"(max-width: 1600px) 100vw, 1600px\" \/>\t\t\t\t\t\t\t\t\t\t\t\t\t\t\t<\/div>\n\t\t\t\t<\/div>\n\t\t\t\t\t<\/div>\n\t\t<\/div>\n\t\t\t\t\t<\/div>\n\t\t<\/section>\n\t\t\t\t<\/div>\n\t\t","protected":false},"excerpt":{"rendered":"<p>UMGEBUNG DER BUNTE FISCHERHAFEN&#8220;Wo rostrote Krabbenkutter duften wie Meer und Salz! Zuschauen, wie frische Krabben an Land h\u00fcpfen \u2013 und [&hellip;]<\/p>\n","protected":false},"author":1,"featured_media":0,"parent":0,"menu_order":0,"comment_status":"closed","ping_status":"closed","template":"","meta":{"site-sidebar-layout":"no-sidebar","site-content-layout":"","ast-site-content-layout":"full-width-container","site-content-style":"default","site-sidebar-style":"default","ast-global-header-display":"","ast-banner-title-visibility":"","ast-main-header-display":"","ast-hfb-above-header-display":"","ast-hfb-below-header-display":"","ast-hfb-mobile-header-display":"","site-post-title":"disabled","ast-breadcrumbs-content":"","ast-featured-img":"disabled","footer-sml-layout":"","theme-transparent-header-meta":"","adv-header-id-meta":"","stick-header-meta":"","header-above-stick-meta":"","header-main-stick-meta":"","header-below-stick-meta":"","astra-migrate-meta-layouts":"default","ast-page-background-enabled":"default","ast-page-background-meta":{"desktop":{"background-color":"var(--ast-global-color-5)","background-image":"","background-repeat":"repeat","background-position":"center center","background-size":"auto","background-attachment":"scroll","background-type":"","background-media":"","overlay-type":"","overlay-color":"","overlay-opacity":"","overlay-gradient":""},"tablet":{"background-color":"","background-image":"","background-repeat":"repeat","background-position":"center center","background-size":"auto","background-attachment":"scroll","background-type":"","background-media":"","overlay-type":"","overlay-color":"","overlay-opacity":"","overlay-gradient":""},"mobile":{"background-color":"","background-image":"","background-repeat":"repeat","background-position":"center center","background-size":"auto","background-attachment":"scroll","background-type":"","background-media":"","overlay-type":"","overlay-color":"","overlay-opacity":"","overlay-gradient":""}},"ast-content-background-meta":{"desktop":{"background-color":"var(--ast-global-color-4)","background-image":"","background-repeat":"repeat","background-position":"center center","background-size":"auto","background-attachment":"scroll","background-type":"","background-media":"","overlay-type":"","overlay-color":"","overlay-opacity":"","overlay-gradient":""},"tablet":{"background-color":"var(--ast-global-color-4)","background-image":"","background-repeat":"repeat","background-position":"center center","background-size":"auto","background-attachment":"scroll","background-type":"","background-media":"","overlay-type":"","overlay-color":"","overlay-opacity":"","overlay-gradient":""},"mobile":{"background-color":"var(--ast-global-color-4)","background-image":"","background-repeat":"repeat","background-position":"center center","background-size":"auto","background-attachment":"scroll","background-type":"","background-media":"","overlay-type":"","overlay-color":"","overlay-opacity":"","overlay-gradient":""}},"footnotes":""},"class_list":["post-16","page","type-page","status-publish","hentry"],"_links":{"self":[{"href":"https:\/\/www.haus-friesenliebe.de\/friesenliebe\/wp-json\/wp\/v2\/pages\/16","targetHints":{"allow":["GET"]}}],"collection":[{"href":"https:\/\/www.haus-friesenliebe.de\/friesenliebe\/wp-json\/wp\/v2\/pages"}],"about":[{"href":"https:\/\/www.haus-friesenliebe.de\/friesenliebe\/wp-json\/wp\/v2\/types\/page"}],"author":[{"embeddable":true,"href":"https:\/\/www.haus-friesenliebe.de\/friesenliebe\/wp-json\/wp\/v2\/users\/1"}],"replies":[{"embeddable":true,"href":"https:\/\/www.haus-friesenliebe.de\/friesenliebe\/wp-json\/wp\/v2\/comments?post=16"}],"version-history":[{"count":3,"href":"https:\/\/www.haus-friesenliebe.de\/friesenliebe\/wp-json\/wp\/v2\/pages\/16\/revisions"}],"predecessor-version":[{"id":2139,"href":"https:\/\/www.haus-friesenliebe.de\/friesenliebe\/wp-json\/wp\/v2\/pages\/16\/revisions\/2139"}],"wp:attachment":[{"href":"https:\/\/www.haus-friesenliebe.de\/friesenliebe\/wp-json\/wp\/v2\/media?parent=16"}],"curies":[{"name":"wp","href":"https:\/\/api.w.org\/{rel}","templated":true}]}}